{"id":711,"date":"2015-02-02T15:40:47","date_gmt":"2015-02-02T15:40:47","guid":{"rendered":"http:\/\/www.a-armera.com\/?page_id=711"},"modified":"2015-02-02T15:40:47","modified_gmt":"2015-02-02T15:40:47","slug":"who-we-are","status":"publish","type":"page","link":"http:\/\/www.a-armera.com\/en\/who-we-are\/","title":{"rendered":"Who we are"},"content":{"rendered":"<h3>La Asociaci\u00f3n Armera es una instituci\u00f3n formada por empresas espa\u00f1olas fabricantes e importadoras \/ distribuidoras de <strong>ARMAS DEPORTIVAS<\/strong> para\u00a0caza y tiro, as\u00ed como de los distintos complementos referidos a estos dos deportes.<\/h3>\n<p>La Asociaci\u00f3n Armera cuenta con m\u00e1s de\u00a040 a\u00f1os de existencia y,\u00a0desde su fundaci\u00f3n, no ha dejado de crecer, tanto en representatividad sectorial como en actividades desarrolladas en defensa del sector.<\/p>\n<p>&nbsp;<\/p>\n<p>Aunque en el momento de su creaci\u00f3n s\u00f3lo inclu\u00eda a fabricantes de arma deportiva y cartucher\u00eda, el devenir de los tiempos y la evoluci\u00f3n registrada en el sector abrieron las puertas de la Asociaci\u00f3n Armera a fabricantes e importadores\/distribuidores de otros subsectores relacionados con el mundo de la caza y el tiro deportivo.<\/p>\n<p>&nbsp;<\/p>\n<p>La Asociaci\u00f3n Armera alberga en su seno a fabricantes de armas deportivas como la escopeta, la avancarga, la carabina de aire comprimido y el arma corta. Tambi\u00e9n incluye a fabricantes de cartucher\u00eda, cuchiller\u00eda, microfusi\u00f3n, art\u00edculos de cuero, calzado, m\u00e1quinas lanzaplatos, platos, espadas y todo tipo de complementos relacionados con la caza y el tiro deportivo. Un grupo de importadores de productos vinculados al sector, representantes en exclusiva de determinadas marcas en Espa\u00f1a, se halla tambi\u00e9n integrado en la Asociaci\u00f3n Armera.<\/p>\n<p>&nbsp;<\/p>\n<p>Todos los subsectores englobados en esta instituci\u00f3n est\u00e1n destinados \u00fanicamente a la pr\u00e1ctica del deporte de la caza y el tiro.<\/p>\n<p>&nbsp;<\/p>\n","protected":false},"excerpt":{"rendered":"<p>La Asociaci\u00f3n Armera es una instituci\u00f3n formada por empresas espa\u00f1olas fabricantes e importadoras \/ distribuidoras de ARMAS DEPORTIVAS para\u00a0caza y tiro, as\u00ed como de los distintos complementos referidos a estos dos deportes. La Asociaci\u00f3n Armera cuenta con m\u00e1s de\u00a040 a\u00f1os de existencia y,\u00a0desde su fundaci\u00f3n, no ha dejado de crecer, tanto en representatividad sectorial como [&hellip;]<\/p>\n","protected":false},"author":1,"featured_media":0,"parent":0,"menu_order":0,"comment_status":"open","ping_status":"open","template":"","meta":{"footnotes":""},"class_list":["post-711","page","type-page","status-publish","hentry"],"_links":{"self":[{"href":"http:\/\/www.a-armera.com\/en\/wp-json\/wp\/v2\/pages\/711","targetHints":{"allow":["GET"]}}],"collection":[{"href":"http:\/\/www.a-armera.com\/en\/wp-json\/wp\/v2\/pages"}],"about":[{"href":"http:\/\/www.a-armera.com\/en\/wp-json\/wp\/v2\/types\/page"}],"author":[{"embeddable":true,"href":"http:\/\/www.a-armera.com\/en\/wp-json\/wp\/v2\/users\/1"}],"replies":[{"embeddable":true,"href":"http:\/\/www.a-armera.com\/en\/wp-json\/wp\/v2\/comments?post=711"}],"version-history":[{"count":1,"href":"http:\/\/www.a-armera.com\/en\/wp-json\/wp\/v2\/pages\/711\/revisions"}],"predecessor-version":[{"id":712,"href":"http:\/\/www.a-armera.com\/en\/wp-json\/wp\/v2\/pages\/711\/revisions\/712"}],"wp:attachment":[{"href":"http:\/\/www.a-armera.com\/en\/wp-json\/wp\/v2\/media?parent=711"}],"curies":[{"name":"wp","href":"https:\/\/api.w.org\/{rel}","templated":true}]}}